{"id":3202,"date":"2020-03-13T12:09:54","date_gmt":"2020-03-13T12:09:54","guid":{"rendered":"https:\/\/tokic.stringbind.info\/poslovnice\/"},"modified":"2020-06-29T15:54:58","modified_gmt":"2020-06-29T15:54:58","slug":"stores","status":"publish","type":"page","link":"https:\/\/tokichr.borealis.biz\/en\/stores\/","title":{"rendered":"Stores"},"content":{"rendered":"\n<div class=\"wpcf7 no-js\" id=\"wpcf7-f5470-o1\" lang=\"hr\" dir=\"ltr\" data-wpcf7-id=\"5470\">\n<div class=\"screen-reader-response\"><p role=\"status\" aria-live=\"polite\" aria-atomic=\"true\"><\/p> <ul><\/ul><\/div>\n<form action=\"\/en\/wp-json\/wp\/v2\/pages\/3202#wpcf7-f5470-o1\" method=\"post\" class=\"wpcf7-form init\" aria-label=\"Contact form\" novalidate=\"novalidate\" data-status=\"init\">\n<fieldset class=\"hidden-fields-container\"><input type=\"hidden\" name=\"_wpcf7\" value=\"5470\" \/><input type=\"hidden\" name=\"_wpcf7_version\" value=\"6.1.4\" \/><input type=\"hidden\" name=\"_wpcf7_locale\" value=\"hr\" \/><input type=\"hidden\" name=\"_wpcf7_unit_tag\" value=\"wpcf7-f5470-o1\" \/><input type=\"hidden\" name=\"_wpcf7_container_post\" value=\"0\" \/><input type=\"hidden\" name=\"_wpcf7_posted_data_hash\" value=\"\" \/><input type=\"hidden\" name=\"_wpcf7_recaptcha_response\" value=\"\" \/>\n<\/fieldset>\n<p><span class=\"wpcf7-form-control-wrap\" data-name=\"city_or_street\"><input size=\"40\" maxlength=\"400\" class=\"wpcf7-form-control wpcf7-text wpcf7-validates-as-required\" aria-required=\"true\" aria-invalid=\"false\" placeholder=\"Enter a city or street\" value=\"\" type=\"text\" name=\"city_or_street\" \/><\/span>\n<\/p>\n<div class=\"recaptcha-placeholder\">\n\n<\/div>\n<p><input class=\"wpcf7-form-control wpcf7-submit has-spinner\" type=\"submit\" value=\"Search stores\" \/>\n<\/p><p style=\"display: none !important;\" class=\"akismet-fields-container\" data-prefix=\"_wpcf7_ak_\"><label>&#916;<textarea name=\"_wpcf7_ak_hp_textarea\" cols=\"45\" rows=\"8\" maxlength=\"100\"><\/textarea><\/label><input type=\"hidden\" id=\"ak_js_1\" name=\"_wpcf7_ak_js\" value=\"162\"\/><script>document.getElementById( \"ak_js_1\" ).setAttribute( \"value\", ( new Date() ).getTime() );<\/script><\/p><div class=\"wpcf7-response-output\" aria-hidden=\"true\"><\/div>\n<\/form>\n<\/div>\n\n","protected":false},"excerpt":{"rendered":"","protected":false},"author":11,"featured_media":0,"parent":0,"menu_order":1,"comment_status":"closed","ping_status":"closed","template":"page-poslovnice.php","meta":{"_acf_changed":false,"inline_featured_image":false,"footnotes":""},"class_list":["post-3202","page","type-page","status-publish","hentry"],"acf":[],"yoast_head":"<!-- This site is optimized with the Yoast SEO plugin v26.6 - https:\/\/yoast.com\/wordpress\/plugins\/seo\/ -->\n<title>Toki\u0107 Ltd - Find the closest Toki\u0107 retail store<\/title>\n<meta name=\"description\" content=\"Enter your city or street and find the one closest to you out of more than 110 Toki\u0107 retail stores through Croatia!\" \/>\n<meta name=\"robots\" content=\"noindex, follow, max-snippet:-1, max-image-preview:large, max-video-preview:-1\" \/>\n<meta property=\"og:locale\" content=\"en_US\" \/>\n<meta property=\"og:type\" content=\"article\" \/>\n<meta property=\"og:title\" content=\"Toki\u0107 Ltd - Find the closest Toki\u0107 retail store\" \/>\n<meta property=\"og:description\" content=\"Enter your city or street and find the one closest to you out of more than 110 Toki\u0107 retail stores through Croatia!\" \/>\n<meta property=\"og:url\" content=\"https:\/\/tokichr.borealis.biz\/en\/stores\/\" \/>\n<meta property=\"og:site_name\" content=\"tokic.hr\" \/>\n<meta property=\"article:modified_time\" content=\"2020-06-29T15:54:58+00:00\" \/>\n<meta name=\"twitter:card\" content=\"summary_large_image\" \/>\n<script type=\"application\/ld+json\" class=\"yoast-schema-graph\">{\"@context\":\"https:\/\/schema.org\",\"@graph\":[{\"@type\":\"WebPage\",\"@id\":\"https:\/\/tokichr.borealis.biz\/en\/stores\/\",\"url\":\"https:\/\/tokichr.borealis.biz\/en\/stores\/\",\"name\":\"Toki\u0107 Ltd - Find the closest Toki\u0107 retail store\",\"isPartOf\":{\"@id\":\"https:\/\/tokichr.borealis.biz\/#website\"},\"datePublished\":\"2020-03-13T12:09:54+00:00\",\"dateModified\":\"2020-06-29T15:54:58+00:00\",\"description\":\"Enter your city or street and find the one closest to you out of more than 110 Toki\u0107 retail stores through Croatia!\",\"breadcrumb\":{\"@id\":\"https:\/\/tokichr.borealis.biz\/en\/stores\/#breadcrumb\"},\"inLanguage\":\"en-US\",\"potentialAction\":[{\"@type\":\"ReadAction\",\"target\":[\"https:\/\/tokichr.borealis.biz\/en\/stores\/\"]}]},{\"@type\":\"BreadcrumbList\",\"@id\":\"https:\/\/tokichr.borealis.biz\/en\/stores\/#breadcrumb\",\"itemListElement\":[{\"@type\":\"ListItem\",\"position\":1,\"name\":\"Po\u010detna stranica\",\"item\":\"https:\/\/tokichr.borealis.biz\/\"},{\"@type\":\"ListItem\",\"position\":2,\"name\":\"Stores\"}]},{\"@type\":\"WebSite\",\"@id\":\"https:\/\/tokichr.borealis.biz\/#website\",\"url\":\"https:\/\/tokichr.borealis.biz\/\",\"name\":\"tokic.hr\",\"description\":\"Vode\u0107i trgovac autodijelova i popratne opreme u regiji\",\"potentialAction\":[{\"@type\":\"SearchAction\",\"target\":{\"@type\":\"EntryPoint\",\"urlTemplate\":\"https:\/\/tokichr.borealis.biz\/?s={search_term_string}\"},\"query-input\":{\"@type\":\"PropertyValueSpecification\",\"valueRequired\":true,\"valueName\":\"search_term_string\"}}],\"inLanguage\":\"en-US\"}]}<\/script>\n<!-- \/ Yoast SEO plugin. -->","yoast_head_json":{"title":"Toki\u0107 Ltd - Find the closest Toki\u0107 retail store","description":"Enter your city or street and find the one closest to you out of more than 110 Toki\u0107 retail stores through Croatia!","robots":{"index":"noindex","follow":"follow","max-snippet":"max-snippet:-1","max-image-preview":"max-image-preview:large","max-video-preview":"max-video-preview:-1"},"og_locale":"en_US","og_type":"article","og_title":"Toki\u0107 Ltd - Find the closest Toki\u0107 retail store","og_description":"Enter your city or street and find the one closest to you out of more than 110 Toki\u0107 retail stores through Croatia!","og_url":"https:\/\/tokichr.borealis.biz\/en\/stores\/","og_site_name":"tokic.hr","article_modified_time":"2020-06-29T15:54:58+00:00","twitter_card":"summary_large_image","schema":{"@context":"https:\/\/schema.org","@graph":[{"@type":"WebPage","@id":"https:\/\/tokichr.borealis.biz\/en\/stores\/","url":"https:\/\/tokichr.borealis.biz\/en\/stores\/","name":"Toki\u0107 Ltd - Find the closest Toki\u0107 retail store","isPartOf":{"@id":"https:\/\/tokichr.borealis.biz\/#website"},"datePublished":"2020-03-13T12:09:54+00:00","dateModified":"2020-06-29T15:54:58+00:00","description":"Enter your city or street and find the one closest to you out of more than 110 Toki\u0107 retail stores through Croatia!","breadcrumb":{"@id":"https:\/\/tokichr.borealis.biz\/en\/stores\/#breadcrumb"},"inLanguage":"en-US","potentialAction":[{"@type":"ReadAction","target":["https:\/\/tokichr.borealis.biz\/en\/stores\/"]}]},{"@type":"BreadcrumbList","@id":"https:\/\/tokichr.borealis.biz\/en\/stores\/#breadcrumb","itemListElement":[{"@type":"ListItem","position":1,"name":"Po\u010detna stranica","item":"https:\/\/tokichr.borealis.biz\/"},{"@type":"ListItem","position":2,"name":"Stores"}]},{"@type":"WebSite","@id":"https:\/\/tokichr.borealis.biz\/#website","url":"https:\/\/tokichr.borealis.biz\/","name":"tokic.hr","description":"Vode\u0107i trgovac autodijelova i popratne opreme u regiji","potentialAction":[{"@type":"SearchAction","target":{"@type":"EntryPoint","urlTemplate":"https:\/\/tokichr.borealis.biz\/?s={search_term_string}"},"query-input":{"@type":"PropertyValueSpecification","valueRequired":true,"valueName":"search_term_string"}}],"inLanguage":"en-US"}]}},"_links":{"self":[{"href":"https:\/\/tokichr.borealis.biz\/en\/wp-json\/wp\/v2\/pages\/3202","targetHints":{"allow":["GET"]}}],"collection":[{"href":"https:\/\/tokichr.borealis.biz\/en\/wp-json\/wp\/v2\/pages"}],"about":[{"href":"https:\/\/tokichr.borealis.biz\/en\/wp-json\/wp\/v2\/types\/page"}],"author":[{"embeddable":true,"href":"https:\/\/tokichr.borealis.biz\/en\/wp-json\/wp\/v2\/users\/11"}],"replies":[{"embeddable":true,"href":"https:\/\/tokichr.borealis.biz\/en\/wp-json\/wp\/v2\/comments?post=3202"}],"version-history":[{"count":10,"href":"https:\/\/tokichr.borealis.biz\/en\/wp-json\/wp\/v2\/pages\/3202\/revisions"}],"predecessor-version":[{"id":11056,"href":"https:\/\/tokichr.borealis.biz\/en\/wp-json\/wp\/v2\/pages\/3202\/revisions\/11056"}],"wp:attachment":[{"href":"https:\/\/tokichr.borealis.biz\/en\/wp-json\/wp\/v2\/media?parent=3202"}],"curies":[{"name":"wp","href":"https:\/\/api.w.org\/{rel}","templated":true}]}}