{"id":5482,"date":"2020-04-09T13:39:06","date_gmt":"2020-04-09T13:39:06","guid":{"rendered":"https:\/\/tokic.stringbind.info\/zapocni-karijeru-u-tokicu\/"},"modified":"2020-05-22T09:52:58","modified_gmt":"2020-05-22T09:52:58","slug":"start-your-career-in-tokic","status":"publish","type":"page","link":"https:\/\/tokichr.borealis.biz\/en\/start-your-career-in-tokic\/","title":{"rendered":"Start your career in Tokic"},"content":{"rendered":"\n<div class=\"wpcf7 no-js\" id=\"wpcf7-f5475-o1\" lang=\"hr\" dir=\"ltr\" data-wpcf7-id=\"5475\">\n<div class=\"screen-reader-response\"><p role=\"status\" aria-live=\"polite\" aria-atomic=\"true\"><\/p> <ul><\/ul><\/div>\n<form action=\"\/en\/wp-json\/wp\/v2\/pages\/5482#wpcf7-f5475-o1\" method=\"post\" class=\"wpcf7-form init\" aria-label=\"Contact form\" enctype=\"multipart\/form-data\" novalidate=\"novalidate\" data-status=\"init\">\n<fieldset class=\"hidden-fields-container\"><input type=\"hidden\" name=\"_wpcf7\" value=\"5475\" \/><input type=\"hidden\" name=\"_wpcf7_version\" value=\"6.1.4\" \/><input type=\"hidden\" name=\"_wpcf7_locale\" value=\"hr\" \/><input type=\"hidden\" name=\"_wpcf7_unit_tag\" value=\"wpcf7-f5475-o1\" \/><input type=\"hidden\" name=\"_wpcf7_container_post\" value=\"0\" \/><input type=\"hidden\" name=\"_wpcf7_posted_data_hash\" value=\"\" \/><input type=\"hidden\" name=\"_wpcf7_recaptcha_response\" value=\"\" \/>\n<\/fieldset>\n<p><label> First and last name<br \/>\n<span class=\"wpcf7-form-control-wrap\" data-name=\"first_name_last_name\"><input size=\"40\" maxlength=\"400\" class=\"wpcf7-form-control wpcf7-text wpcf7-validates-as-required\" aria-required=\"true\" aria-invalid=\"false\" placeholder=\"Enter your first and last name\" value=\"\" type=\"text\" name=\"first_name_last_name\" \/><\/span> <\/label>\n<\/p>\n<p><label> E-mail address<br \/>\n<span class=\"wpcf7-form-control-wrap\" data-name=\"email\"><input size=\"40\" maxlength=\"400\" class=\"wpcf7-form-control wpcf7-email wpcf7-validates-as-required wpcf7-text wpcf7-validates-as-email\" aria-required=\"true\" aria-invalid=\"false\" placeholder=\"Enter your e-mail address\" value=\"\" type=\"email\" name=\"email\" \/><\/span> <\/label>\n<\/p>\n<p><label> Place of residence<br \/>\n<span class=\"wpcf7-form-control-wrap\" data-name=\"residance\"><input size=\"40\" maxlength=\"400\" class=\"wpcf7-form-control wpcf7-text wpcf7-validates-as-required\" aria-required=\"true\" aria-invalid=\"false\" placeholder=\"Enter the place of your residence\" value=\"\" type=\"text\" name=\"residance\" \/><\/span> <\/label>\n<\/p>\n<p><label> Contact number<br \/>\n<span class=\"wpcf7-form-control-wrap\" data-name=\"phone\"><input size=\"40\" maxlength=\"400\" class=\"wpcf7-form-control wpcf7-text wpcf7-validates-as-required number-only\" aria-required=\"true\" aria-invalid=\"false\" placeholder=\"Enter your contact number\" value=\"\" type=\"text\" name=\"phone\" \/><\/span><\/label>\n<\/p>\n<p><label> Application type<br \/>\n<span class=\"wpcf7-form-control-wrap\" data-name=\"otvoreni_natjecaji\"><select class=\"wpcf7-form-control wpcf7-select wpcf7-validates-as-required\" aria-required=\"true\" aria-invalid=\"false\" name=\"otvoreni_natjecaji\"><option value=\"Select type of Application\">Select type of Application<\/option><option value=\"Open application\">Open application<\/option><\/select><\/span> <\/label>\n<\/p>\n<p><label class=\"hidden pozicija\"> The position you are applying by open request<br \/>\n<span class=\"wpcf7-form-control-wrap\" data-name=\"pozicija_za_otvorenu_molbu\"><input size=\"40\" maxlength=\"400\" class=\"wpcf7-form-control wpcf7-text\" aria-invalid=\"false\" placeholder=\"Add the position you are applying for\" value=\"\" type=\"text\" name=\"pozicija_za_otvorenu_molbu\" \/><\/span><\/label>\n<\/p>\n<p><span class=\"wpcf7-form-control-wrap\" data-name=\"privitak\"><input size=\"40\" class=\"wpcf7-form-control wpcf7-file wpcf7-validates-as-required\" accept=\".pdf,.docx,.xslsx,.doc,.xls\" aria-required=\"true\" aria-invalid=\"false\" type=\"file\" name=\"privitak\" \/><\/span>\n<\/p>\n<div class=\"recaptcha-placeholder\">\n\n<\/div>\n<p><input class=\"wpcf7-form-control wpcf7-submit has-spinner\" type=\"submit\" value=\"Submit an application\" \/>\n<\/p><p style=\"display: none !important;\" class=\"akismet-fields-container\" data-prefix=\"_wpcf7_ak_\"><label>&#916;<textarea name=\"_wpcf7_ak_hp_textarea\" cols=\"45\" rows=\"8\" maxlength=\"100\"><\/textarea><\/label><input type=\"hidden\" id=\"ak_js_1\" name=\"_wpcf7_ak_js\" value=\"21\"\/><script>document.getElementById( \"ak_js_1\" ).setAttribute( \"value\", ( new Date() ).getTime() );<\/script><\/p><div class=\"wpcf7-response-output\" aria-hidden=\"true\"><\/div>\n<\/form>\n<\/div>\n\n\n\n<script type=\"application\/json\" id=\"jsonForm\">{\n\t\t\"options\"  : [\"Mehani\u010dar\", \"Skladi\u0161tar (m\/\u017e)\", \"Skladi\u0161tar 2\", \"Prodava\u010d rezervih dijelova\", \"Skladi\u0161tar ZG\"],\n\t\t\"name\" : \"otvoreni_natjecaji\"\n\t}<\/script>\n","protected":false},"excerpt":{"rendered":"","protected":false},"author":11,"featured_media":0,"parent":0,"menu_order":0,"comment_status":"closed","ping_status":"closed","template":"page-zapocni-karijeru.php","meta":{"_acf_changed":false,"inline_featured_image":false,"footnotes":""},"class_list":["post-5482","page","type-page","status-publish","hentry"],"acf":[],"yoast_head":"<!-- This site is optimized with the Yoast SEO plugin v26.6 - https:\/\/yoast.com\/wordpress\/plugins\/seo\/ -->\n<title>Start your career in Tokic - Toki\u0107<\/title>\n<meta name=\"description\" content=\"U stalnoj smo potrazi za kvalitetnim i stru\u010dnim zaposlenicima. Po\u0161aljite svoju prijavu i zapo\u010dnite svoju karijeru u Toki\u0107u.\" \/>\n<meta name=\"robots\" content=\"noindex, follow, max-snippet:-1, max-image-preview:large, max-video-preview:-1\" \/>\n<meta property=\"og:locale\" content=\"en_US\" \/>\n<meta property=\"og:type\" content=\"article\" \/>\n<meta property=\"og:title\" content=\"Start your career in Tokic - Toki\u0107\" \/>\n<meta property=\"og:description\" content=\"U stalnoj smo potrazi za kvalitetnim i stru\u010dnim zaposlenicima. Po\u0161aljite svoju prijavu i zapo\u010dnite svoju karijeru u Toki\u0107u.\" \/>\n<meta property=\"og:url\" content=\"https:\/\/tokichr.borealis.biz\/en\/start-your-career-in-tokic\/\" \/>\n<meta property=\"og:site_name\" content=\"tokic.hr\" \/>\n<meta property=\"article:modified_time\" content=\"2020-05-22T09:52:58+00:00\" \/>\n<meta name=\"twitter:card\" content=\"summary_large_image\" \/>\n<script type=\"application\/ld+json\" class=\"yoast-schema-graph\">{\"@context\":\"https:\/\/schema.org\",\"@graph\":[{\"@type\":\"WebPage\",\"@id\":\"https:\/\/tokichr.borealis.biz\/en\/start-your-career-in-tokic\/\",\"url\":\"https:\/\/tokichr.borealis.biz\/en\/start-your-career-in-tokic\/\",\"name\":\"Start your career in Tokic - Toki\u0107\",\"isPartOf\":{\"@id\":\"https:\/\/tokichr.borealis.biz\/#website\"},\"datePublished\":\"2020-04-09T13:39:06+00:00\",\"dateModified\":\"2020-05-22T09:52:58+00:00\",\"description\":\"U stalnoj smo potrazi za kvalitetnim i stru\u010dnim zaposlenicima. Po\u0161aljite svoju prijavu i zapo\u010dnite svoju karijeru u Toki\u0107u.\",\"breadcrumb\":{\"@id\":\"https:\/\/tokichr.borealis.biz\/en\/start-your-career-in-tokic\/#breadcrumb\"},\"inLanguage\":\"en-US\",\"potentialAction\":[{\"@type\":\"ReadAction\",\"target\":[\"https:\/\/tokichr.borealis.biz\/en\/start-your-career-in-tokic\/\"]}]},{\"@type\":\"BreadcrumbList\",\"@id\":\"https:\/\/tokichr.borealis.biz\/en\/start-your-career-in-tokic\/#breadcrumb\",\"itemListElement\":[{\"@type\":\"ListItem\",\"position\":1,\"name\":\"Po\u010detna stranica\",\"item\":\"https:\/\/tokichr.borealis.biz\/\"},{\"@type\":\"ListItem\",\"position\":2,\"name\":\"Start your career in Tokic\"}]},{\"@type\":\"WebSite\",\"@id\":\"https:\/\/tokichr.borealis.biz\/#website\",\"url\":\"https:\/\/tokichr.borealis.biz\/\",\"name\":\"tokic.hr\",\"description\":\"Vode\u0107i trgovac autodijelova i popratne opreme u regiji\",\"potentialAction\":[{\"@type\":\"SearchAction\",\"target\":{\"@type\":\"EntryPoint\",\"urlTemplate\":\"https:\/\/tokichr.borealis.biz\/?s={search_term_string}\"},\"query-input\":{\"@type\":\"PropertyValueSpecification\",\"valueRequired\":true,\"valueName\":\"search_term_string\"}}],\"inLanguage\":\"en-US\"}]}<\/script>\n<!-- \/ Yoast SEO plugin. -->","yoast_head_json":{"title":"Start your career in Tokic - Toki\u0107","description":"U stalnoj smo potrazi za kvalitetnim i stru\u010dnim zaposlenicima. Po\u0161aljite svoju prijavu i zapo\u010dnite svoju karijeru u Toki\u0107u.","robots":{"index":"noindex","follow":"follow","max-snippet":"max-snippet:-1","max-image-preview":"max-image-preview:large","max-video-preview":"max-video-preview:-1"},"og_locale":"en_US","og_type":"article","og_title":"Start your career in Tokic - Toki\u0107","og_description":"U stalnoj smo potrazi za kvalitetnim i stru\u010dnim zaposlenicima. Po\u0161aljite svoju prijavu i zapo\u010dnite svoju karijeru u Toki\u0107u.","og_url":"https:\/\/tokichr.borealis.biz\/en\/start-your-career-in-tokic\/","og_site_name":"tokic.hr","article_modified_time":"2020-05-22T09:52:58+00:00","twitter_card":"summary_large_image","schema":{"@context":"https:\/\/schema.org","@graph":[{"@type":"WebPage","@id":"https:\/\/tokichr.borealis.biz\/en\/start-your-career-in-tokic\/","url":"https:\/\/tokichr.borealis.biz\/en\/start-your-career-in-tokic\/","name":"Start your career in Tokic - Toki\u0107","isPartOf":{"@id":"https:\/\/tokichr.borealis.biz\/#website"},"datePublished":"2020-04-09T13:39:06+00:00","dateModified":"2020-05-22T09:52:58+00:00","description":"U stalnoj smo potrazi za kvalitetnim i stru\u010dnim zaposlenicima. Po\u0161aljite svoju prijavu i zapo\u010dnite svoju karijeru u Toki\u0107u.","breadcrumb":{"@id":"https:\/\/tokichr.borealis.biz\/en\/start-your-career-in-tokic\/#breadcrumb"},"inLanguage":"en-US","potentialAction":[{"@type":"ReadAction","target":["https:\/\/tokichr.borealis.biz\/en\/start-your-career-in-tokic\/"]}]},{"@type":"BreadcrumbList","@id":"https:\/\/tokichr.borealis.biz\/en\/start-your-career-in-tokic\/#breadcrumb","itemListElement":[{"@type":"ListItem","position":1,"name":"Po\u010detna stranica","item":"https:\/\/tokichr.borealis.biz\/"},{"@type":"ListItem","position":2,"name":"Start your career in Tokic"}]},{"@type":"WebSite","@id":"https:\/\/tokichr.borealis.biz\/#website","url":"https:\/\/tokichr.borealis.biz\/","name":"tokic.hr","description":"Vode\u0107i trgovac autodijelova i popratne opreme u regiji","potentialAction":[{"@type":"SearchAction","target":{"@type":"EntryPoint","urlTemplate":"https:\/\/tokichr.borealis.biz\/?s={search_term_string}"},"query-input":{"@type":"PropertyValueSpecification","valueRequired":true,"valueName":"search_term_string"}}],"inLanguage":"en-US"}]}},"_links":{"self":[{"href":"https:\/\/tokichr.borealis.biz\/en\/wp-json\/wp\/v2\/pages\/5482","targetHints":{"allow":["GET"]}}],"collection":[{"href":"https:\/\/tokichr.borealis.biz\/en\/wp-json\/wp\/v2\/pages"}],"about":[{"href":"https:\/\/tokichr.borealis.biz\/en\/wp-json\/wp\/v2\/types\/page"}],"author":[{"embeddable":true,"href":"https:\/\/tokichr.borealis.biz\/en\/wp-json\/wp\/v2\/users\/11"}],"replies":[{"embeddable":true,"href":"https:\/\/tokichr.borealis.biz\/en\/wp-json\/wp\/v2\/comments?post=5482"}],"version-history":[{"count":2,"href":"https:\/\/tokichr.borealis.biz\/en\/wp-json\/wp\/v2\/pages\/5482\/revisions"}],"predecessor-version":[{"id":5640,"href":"https:\/\/tokichr.borealis.biz\/en\/wp-json\/wp\/v2\/pages\/5482\/revisions\/5640"}],"wp:attachment":[{"href":"https:\/\/tokichr.borealis.biz\/en\/wp-json\/wp\/v2\/media?parent=5482"}],"curies":[{"name":"wp","href":"https:\/\/api.w.org\/{rel}","templated":true}]}}