{"id":5497,"date":"2020-05-05T22:24:00","date_gmt":"2020-05-05T22:24:00","guid":{"rendered":"https:\/\/tokic.stringbind.info\/careers\/ucenicki-ili-studentski-posao-u-tokicu\/"},"modified":"2020-07-01T22:36:47","modified_gmt":"2020-07-01T22:36:47","slug":"find-your-student-job-with-us","status":"publish","type":"page","link":"https:\/\/tokichr.borealis.biz\/en\/careers\/find-your-student-job-with-us\/","title":{"rendered":"Find your student job with us"},"content":{"rendered":"\n<h2 class=\"wp-block-heading\">Looking for a job you can do while attending secondary school or university? Contact us!<\/h2>\n\n\n\n<p>Send us your name and a short letter of motivation stating the school or college you are attending. Also indicate when you are available to work and how much work you can take on. Applications are always welcome, and we will contact you as soon as a position is open.<\/p>\n\n\n\n<hr class=\"wp-block-separator is-style-wide m-80-0\"\/>\n\n\n\n<div class=\"wp-block-buttons is-layout-flex wp-block-buttons-is-layout-flex\">\n<div class=\"wp-block-button\"><a class=\"wp-block-button__link\" href=\"\/en\/start-your-career-in-tokic\/?form=Find your student job with us\">Apply!<\/a><\/div>\n<\/div>\n","protected":false},"excerpt":{"rendered":"Looking for a job you can do while attending secondary school or university? Contact us! [&hellip;]","protected":false},"author":11,"featured_media":0,"parent":3286,"menu_order":0,"comment_status":"closed","ping_status":"closed","template":"","meta":{"_acf_changed":false,"inline_featured_image":false,"footnotes":""},"class_list":["post-5497","page","type-page","status-publish","hentry"],"acf":[],"yoast_head":"<!-- This site is optimized with the Yoast SEO plugin v26.6 - https:\/\/yoast.com\/wordpress\/plugins\/seo\/ -->\n<title>Find your student job with us - tokic.hr<\/title>\n<meta name=\"description\" content=\"Tra\u017eite posao koji mo\u017eete raditi uz \u0161kolu ili fakultet? Po\u0161aljite nam svoje ime i prezime te kratko motivacijsko pismo. Prijave su uvijek dobrodo\u0161le.\" \/>\n<meta name=\"robots\" content=\"noindex, follow, max-snippet:-1, max-image-preview:large, max-video-preview:-1\" \/>\n<meta property=\"og:locale\" content=\"en_US\" \/>\n<meta property=\"og:type\" content=\"article\" \/>\n<meta property=\"og:title\" content=\"Find your student job with us - tokic.hr\" \/>\n<meta property=\"og:description\" content=\"Tra\u017eite posao koji mo\u017eete raditi uz \u0161kolu ili fakultet? Po\u0161aljite nam svoje ime i prezime te kratko motivacijsko pismo. Prijave su uvijek dobrodo\u0161le.\" \/>\n<meta property=\"og:url\" content=\"https:\/\/tokichr.borealis.biz\/en\/careers\/find-your-student-job-with-us\/\" \/>\n<meta property=\"og:site_name\" content=\"tokic.hr\" \/>\n<meta property=\"article:modified_time\" content=\"2020-07-01T22:36:47+00:00\" \/>\n<meta name=\"twitter:card\" content=\"summary_large_image\" \/>\n<script type=\"application\/ld+json\" class=\"yoast-schema-graph\">{\"@context\":\"https:\/\/schema.org\",\"@graph\":[{\"@type\":\"WebPage\",\"@id\":\"https:\/\/tokichr.borealis.biz\/en\/careers\/find-your-student-job-with-us\/\",\"url\":\"https:\/\/tokichr.borealis.biz\/en\/careers\/find-your-student-job-with-us\/\",\"name\":\"Find your student job with us - tokic.hr\",\"isPartOf\":{\"@id\":\"https:\/\/tokichr.borealis.biz\/#website\"},\"datePublished\":\"2020-05-05T22:24:00+00:00\",\"dateModified\":\"2020-07-01T22:36:47+00:00\",\"description\":\"Tra\u017eite posao koji mo\u017eete raditi uz \u0161kolu ili fakultet? Po\u0161aljite nam svoje ime i prezime te kratko motivacijsko pismo. Prijave su uvijek dobrodo\u0161le.\",\"breadcrumb\":{\"@id\":\"https:\/\/tokichr.borealis.biz\/en\/careers\/find-your-student-job-with-us\/#breadcrumb\"},\"inLanguage\":\"en-US\",\"potentialAction\":[{\"@type\":\"ReadAction\",\"target\":[\"https:\/\/tokichr.borealis.biz\/en\/careers\/find-your-student-job-with-us\/\"]}]},{\"@type\":\"BreadcrumbList\",\"@id\":\"https:\/\/tokichr.borealis.biz\/en\/careers\/find-your-student-job-with-us\/#breadcrumb\",\"itemListElement\":[{\"@type\":\"ListItem\",\"position\":1,\"name\":\"Po\u010detna stranica\",\"item\":\"https:\/\/tokichr.borealis.biz\/\"},{\"@type\":\"ListItem\",\"position\":2,\"name\":\"Careers\",\"item\":\"https:\/\/tokichr.borealis.biz\/en\/careers\/\"},{\"@type\":\"ListItem\",\"position\":3,\"name\":\"Find your student job with us\"}]},{\"@type\":\"WebSite\",\"@id\":\"https:\/\/tokichr.borealis.biz\/#website\",\"url\":\"https:\/\/tokichr.borealis.biz\/\",\"name\":\"tokic.hr\",\"description\":\"Vode\u0107i trgovac autodijelova i popratne opreme u regiji\",\"potentialAction\":[{\"@type\":\"SearchAction\",\"target\":{\"@type\":\"EntryPoint\",\"urlTemplate\":\"https:\/\/tokichr.borealis.biz\/?s={search_term_string}\"},\"query-input\":{\"@type\":\"PropertyValueSpecification\",\"valueRequired\":true,\"valueName\":\"search_term_string\"}}],\"inLanguage\":\"en-US\"}]}<\/script>\n<!-- \/ Yoast SEO plugin. -->","yoast_head_json":{"title":"Find your student job with us - tokic.hr","description":"Tra\u017eite posao koji mo\u017eete raditi uz \u0161kolu ili fakultet? Po\u0161aljite nam svoje ime i prezime te kratko motivacijsko pismo. Prijave su uvijek dobrodo\u0161le.","robots":{"index":"noindex","follow":"follow","max-snippet":"max-snippet:-1","max-image-preview":"max-image-preview:large","max-video-preview":"max-video-preview:-1"},"og_locale":"en_US","og_type":"article","og_title":"Find your student job with us - tokic.hr","og_description":"Tra\u017eite posao koji mo\u017eete raditi uz \u0161kolu ili fakultet? Po\u0161aljite nam svoje ime i prezime te kratko motivacijsko pismo. Prijave su uvijek dobrodo\u0161le.","og_url":"https:\/\/tokichr.borealis.biz\/en\/careers\/find-your-student-job-with-us\/","og_site_name":"tokic.hr","article_modified_time":"2020-07-01T22:36:47+00:00","twitter_card":"summary_large_image","schema":{"@context":"https:\/\/schema.org","@graph":[{"@type":"WebPage","@id":"https:\/\/tokichr.borealis.biz\/en\/careers\/find-your-student-job-with-us\/","url":"https:\/\/tokichr.borealis.biz\/en\/careers\/find-your-student-job-with-us\/","name":"Find your student job with us - tokic.hr","isPartOf":{"@id":"https:\/\/tokichr.borealis.biz\/#website"},"datePublished":"2020-05-05T22:24:00+00:00","dateModified":"2020-07-01T22:36:47+00:00","description":"Tra\u017eite posao koji mo\u017eete raditi uz \u0161kolu ili fakultet? Po\u0161aljite nam svoje ime i prezime te kratko motivacijsko pismo. Prijave su uvijek dobrodo\u0161le.","breadcrumb":{"@id":"https:\/\/tokichr.borealis.biz\/en\/careers\/find-your-student-job-with-us\/#breadcrumb"},"inLanguage":"en-US","potentialAction":[{"@type":"ReadAction","target":["https:\/\/tokichr.borealis.biz\/en\/careers\/find-your-student-job-with-us\/"]}]},{"@type":"BreadcrumbList","@id":"https:\/\/tokichr.borealis.biz\/en\/careers\/find-your-student-job-with-us\/#breadcrumb","itemListElement":[{"@type":"ListItem","position":1,"name":"Po\u010detna stranica","item":"https:\/\/tokichr.borealis.biz\/"},{"@type":"ListItem","position":2,"name":"Careers","item":"https:\/\/tokichr.borealis.biz\/en\/careers\/"},{"@type":"ListItem","position":3,"name":"Find your student job with us"}]},{"@type":"WebSite","@id":"https:\/\/tokichr.borealis.biz\/#website","url":"https:\/\/tokichr.borealis.biz\/","name":"tokic.hr","description":"Vode\u0107i trgovac autodijelova i popratne opreme u regiji","potentialAction":[{"@type":"SearchAction","target":{"@type":"EntryPoint","urlTemplate":"https:\/\/tokichr.borealis.biz\/?s={search_term_string}"},"query-input":{"@type":"PropertyValueSpecification","valueRequired":true,"valueName":"search_term_string"}}],"inLanguage":"en-US"}]}},"_links":{"self":[{"href":"https:\/\/tokichr.borealis.biz\/en\/wp-json\/wp\/v2\/pages\/5497","targetHints":{"allow":["GET"]}}],"collection":[{"href":"https:\/\/tokichr.borealis.biz\/en\/wp-json\/wp\/v2\/pages"}],"about":[{"href":"https:\/\/tokichr.borealis.biz\/en\/wp-json\/wp\/v2\/types\/page"}],"author":[{"embeddable":true,"href":"https:\/\/tokichr.borealis.biz\/en\/wp-json\/wp\/v2\/users\/11"}],"replies":[{"embeddable":true,"href":"https:\/\/tokichr.borealis.biz\/en\/wp-json\/wp\/v2\/comments?post=5497"}],"version-history":[{"count":4,"href":"https:\/\/tokichr.borealis.biz\/en\/wp-json\/wp\/v2\/pages\/5497\/revisions"}],"predecessor-version":[{"id":11169,"href":"https:\/\/tokichr.borealis.biz\/en\/wp-json\/wp\/v2\/pages\/5497\/revisions\/11169"}],"up":[{"embeddable":true,"href":"https:\/\/tokichr.borealis.biz\/en\/wp-json\/wp\/v2\/pages\/3286"}],"wp:attachment":[{"href":"https:\/\/tokichr.borealis.biz\/en\/wp-json\/wp\/v2\/media?parent=5497"}],"curies":[{"name":"wp","href":"https:\/\/api.w.org\/{rel}","templated":true}]}}