{"id":5523,"date":"2020-05-05T22:21:21","date_gmt":"2020-05-05T22:21:21","guid":{"rendered":"https:\/\/tokic.stringbind.info\/careers\/ucenicka-praksa\/"},"modified":"2020-07-01T22:37:20","modified_gmt":"2020-07-01T22:37:20","slug":"complete-your-student-traineeship-program-at-tokic","status":"publish","type":"page","link":"https:\/\/tokichr.borealis.biz\/en\/careers\/complete-your-student-traineeship-program-at-tokic\/","title":{"rendered":"Complete your student traineeship program at Toki\u0107"},"content":{"rendered":"\n<h2 class=\"wp-block-heading\">Vocational secondary school students, you can complete your traineeship program with us!<\/h2>\n\n\n\n<p>So far, we have collaborated successfully with your colleagues from trade secondary schools from Zagreb and Bjelovar, as well as the commercial secondary school from Vara\u017edin, the Vrbovec secondary school and many others. In addition to the fact that with us you get paid to do your traineeship, there is also quite often the opportunity of later employment with us upon completion of your secondary education. If you are interested, feel free to contact us with the assistance of the head of your traineeship program. We encourage you to contact us as early as June to arrange your traineeship program in the next school year. See you!<\/p>\n\n\n\n<hr class=\"wp-block-separator is-style-wide m-80-0\"\/>\n\n\n\n<div class=\"wp-block-buttons is-layout-flex wp-block-buttons-is-layout-flex\">\n<div class=\"wp-block-button\"><a class=\"wp-block-button__link\" href=\"\/en\/start-your-career-in-tokic\/?form=Complete your student traineeship program at Toki\u0107\">Apply!<\/a><\/div>\n<\/div>\n","protected":false},"excerpt":{"rendered":"Vocational secondary school students, you can complete your traineeship program with us! So far, we [&hellip;]","protected":false},"author":11,"featured_media":0,"parent":3286,"menu_order":0,"comment_status":"closed","ping_status":"closed","template":"","meta":{"_acf_changed":false,"inline_featured_image":false,"footnotes":""},"class_list":["post-5523","page","type-page","status-publish","hentry"],"acf":[],"yoast_head":"<!-- This site is optimized with the Yoast SEO plugin v26.6 - https:\/\/yoast.com\/wordpress\/plugins\/seo\/ -->\n<title>Complete your student traineeship program at Toki\u0107 - Toki\u0107<\/title>\n<meta name=\"description\" content=\"U\u010denici strukovnih \u0161kola, u Toki\u0107u mo\u017eete odraditi praksu, a postoji i mogu\u0107nost kasnijeg zapo\u0161ljavanja. Kontaktirajte nas uz pomo\u0107 svojih voditelja prakse.\" \/>\n<meta name=\"robots\" content=\"noindex, follow, max-snippet:-1, max-image-preview:large, max-video-preview:-1\" \/>\n<meta property=\"og:locale\" content=\"en_US\" \/>\n<meta property=\"og:type\" content=\"article\" \/>\n<meta property=\"og:title\" content=\"Complete your student traineeship program at Toki\u0107 - Toki\u0107\" \/>\n<meta property=\"og:description\" content=\"U\u010denici strukovnih \u0161kola, u Toki\u0107u mo\u017eete odraditi praksu, a postoji i mogu\u0107nost kasnijeg zapo\u0161ljavanja. Kontaktirajte nas uz pomo\u0107 svojih voditelja prakse.\" \/>\n<meta property=\"og:url\" content=\"https:\/\/tokichr.borealis.biz\/en\/careers\/complete-your-student-traineeship-program-at-tokic\/\" \/>\n<meta property=\"og:site_name\" content=\"tokic.hr\" \/>\n<meta property=\"article:modified_time\" content=\"2020-07-01T22:37:20+00:00\" \/>\n<meta name=\"twitter:card\" content=\"summary_large_image\" \/>\n<meta name=\"twitter:label1\" content=\"Est. reading time\" \/>\n\t<meta name=\"twitter:data1\" content=\"1 minute\" \/>\n<script type=\"application\/ld+json\" class=\"yoast-schema-graph\">{\"@context\":\"https:\/\/schema.org\",\"@graph\":[{\"@type\":\"WebPage\",\"@id\":\"https:\/\/tokichr.borealis.biz\/en\/careers\/complete-your-student-traineeship-program-at-tokic\/\",\"url\":\"https:\/\/tokichr.borealis.biz\/en\/careers\/complete-your-student-traineeship-program-at-tokic\/\",\"name\":\"Complete your student traineeship program at Toki\u0107 - Toki\u0107\",\"isPartOf\":{\"@id\":\"https:\/\/tokichr.borealis.biz\/#website\"},\"datePublished\":\"2020-05-05T22:21:21+00:00\",\"dateModified\":\"2020-07-01T22:37:20+00:00\",\"description\":\"U\u010denici strukovnih \u0161kola, u Toki\u0107u mo\u017eete odraditi praksu, a postoji i mogu\u0107nost kasnijeg zapo\u0161ljavanja. Kontaktirajte nas uz pomo\u0107 svojih voditelja prakse.\",\"breadcrumb\":{\"@id\":\"https:\/\/tokichr.borealis.biz\/en\/careers\/complete-your-student-traineeship-program-at-tokic\/#breadcrumb\"},\"inLanguage\":\"en-US\",\"potentialAction\":[{\"@type\":\"ReadAction\",\"target\":[\"https:\/\/tokichr.borealis.biz\/en\/careers\/complete-your-student-traineeship-program-at-tokic\/\"]}]},{\"@type\":\"BreadcrumbList\",\"@id\":\"https:\/\/tokichr.borealis.biz\/en\/careers\/complete-your-student-traineeship-program-at-tokic\/#breadcrumb\",\"itemListElement\":[{\"@type\":\"ListItem\",\"position\":1,\"name\":\"Po\u010detna stranica\",\"item\":\"https:\/\/tokichr.borealis.biz\/\"},{\"@type\":\"ListItem\",\"position\":2,\"name\":\"Careers\",\"item\":\"https:\/\/tokichr.borealis.biz\/en\/careers\/\"},{\"@type\":\"ListItem\",\"position\":3,\"name\":\"Complete your student traineeship program at Toki\u0107\"}]},{\"@type\":\"WebSite\",\"@id\":\"https:\/\/tokichr.borealis.biz\/#website\",\"url\":\"https:\/\/tokichr.borealis.biz\/\",\"name\":\"tokic.hr\",\"description\":\"Vode\u0107i trgovac autodijelova i popratne opreme u regiji\",\"potentialAction\":[{\"@type\":\"SearchAction\",\"target\":{\"@type\":\"EntryPoint\",\"urlTemplate\":\"https:\/\/tokichr.borealis.biz\/?s={search_term_string}\"},\"query-input\":{\"@type\":\"PropertyValueSpecification\",\"valueRequired\":true,\"valueName\":\"search_term_string\"}}],\"inLanguage\":\"en-US\"}]}<\/script>\n<!-- \/ Yoast SEO plugin. -->","yoast_head_json":{"title":"Complete your student traineeship program at Toki\u0107 - Toki\u0107","description":"U\u010denici strukovnih \u0161kola, u Toki\u0107u mo\u017eete odraditi praksu, a postoji i mogu\u0107nost kasnijeg zapo\u0161ljavanja. Kontaktirajte nas uz pomo\u0107 svojih voditelja prakse.","robots":{"index":"noindex","follow":"follow","max-snippet":"max-snippet:-1","max-image-preview":"max-image-preview:large","max-video-preview":"max-video-preview:-1"},"og_locale":"en_US","og_type":"article","og_title":"Complete your student traineeship program at Toki\u0107 - Toki\u0107","og_description":"U\u010denici strukovnih \u0161kola, u Toki\u0107u mo\u017eete odraditi praksu, a postoji i mogu\u0107nost kasnijeg zapo\u0161ljavanja. Kontaktirajte nas uz pomo\u0107 svojih voditelja prakse.","og_url":"https:\/\/tokichr.borealis.biz\/en\/careers\/complete-your-student-traineeship-program-at-tokic\/","og_site_name":"tokic.hr","article_modified_time":"2020-07-01T22:37:20+00:00","twitter_card":"summary_large_image","twitter_misc":{"Est. reading time":"1 minute"},"schema":{"@context":"https:\/\/schema.org","@graph":[{"@type":"WebPage","@id":"https:\/\/tokichr.borealis.biz\/en\/careers\/complete-your-student-traineeship-program-at-tokic\/","url":"https:\/\/tokichr.borealis.biz\/en\/careers\/complete-your-student-traineeship-program-at-tokic\/","name":"Complete your student traineeship program at Toki\u0107 - Toki\u0107","isPartOf":{"@id":"https:\/\/tokichr.borealis.biz\/#website"},"datePublished":"2020-05-05T22:21:21+00:00","dateModified":"2020-07-01T22:37:20+00:00","description":"U\u010denici strukovnih \u0161kola, u Toki\u0107u mo\u017eete odraditi praksu, a postoji i mogu\u0107nost kasnijeg zapo\u0161ljavanja. Kontaktirajte nas uz pomo\u0107 svojih voditelja prakse.","breadcrumb":{"@id":"https:\/\/tokichr.borealis.biz\/en\/careers\/complete-your-student-traineeship-program-at-tokic\/#breadcrumb"},"inLanguage":"en-US","potentialAction":[{"@type":"ReadAction","target":["https:\/\/tokichr.borealis.biz\/en\/careers\/complete-your-student-traineeship-program-at-tokic\/"]}]},{"@type":"BreadcrumbList","@id":"https:\/\/tokichr.borealis.biz\/en\/careers\/complete-your-student-traineeship-program-at-tokic\/#breadcrumb","itemListElement":[{"@type":"ListItem","position":1,"name":"Po\u010detna stranica","item":"https:\/\/tokichr.borealis.biz\/"},{"@type":"ListItem","position":2,"name":"Careers","item":"https:\/\/tokichr.borealis.biz\/en\/careers\/"},{"@type":"ListItem","position":3,"name":"Complete your student traineeship program at Toki\u0107"}]},{"@type":"WebSite","@id":"https:\/\/tokichr.borealis.biz\/#website","url":"https:\/\/tokichr.borealis.biz\/","name":"tokic.hr","description":"Vode\u0107i trgovac autodijelova i popratne opreme u regiji","potentialAction":[{"@type":"SearchAction","target":{"@type":"EntryPoint","urlTemplate":"https:\/\/tokichr.borealis.biz\/?s={search_term_string}"},"query-input":{"@type":"PropertyValueSpecification","valueRequired":true,"valueName":"search_term_string"}}],"inLanguage":"en-US"}]}},"_links":{"self":[{"href":"https:\/\/tokichr.borealis.biz\/en\/wp-json\/wp\/v2\/pages\/5523","targetHints":{"allow":["GET"]}}],"collection":[{"href":"https:\/\/tokichr.borealis.biz\/en\/wp-json\/wp\/v2\/pages"}],"about":[{"href":"https:\/\/tokichr.borealis.biz\/en\/wp-json\/wp\/v2\/types\/page"}],"author":[{"embeddable":true,"href":"https:\/\/tokichr.borealis.biz\/en\/wp-json\/wp\/v2\/users\/11"}],"replies":[{"embeddable":true,"href":"https:\/\/tokichr.borealis.biz\/en\/wp-json\/wp\/v2\/comments?post=5523"}],"version-history":[{"count":4,"href":"https:\/\/tokichr.borealis.biz\/en\/wp-json\/wp\/v2\/pages\/5523\/revisions"}],"predecessor-version":[{"id":11170,"href":"https:\/\/tokichr.borealis.biz\/en\/wp-json\/wp\/v2\/pages\/5523\/revisions\/11170"}],"up":[{"embeddable":true,"href":"https:\/\/tokichr.borealis.biz\/en\/wp-json\/wp\/v2\/pages\/3286"}],"wp:attachment":[{"href":"https:\/\/tokichr.borealis.biz\/en\/wp-json\/wp\/v2\/media?parent=5523"}],"curies":[{"name":"wp","href":"https:\/\/api.w.org\/{rel}","templated":true}]}}