{"id":5552,"date":"2020-05-05T22:18:06","date_gmt":"2020-05-05T22:18:06","guid":{"rendered":"https:\/\/tokic.stringbind.info\/careers\/prijava-otvorenom-molbom\/"},"modified":"2020-06-29T11:02:34","modified_gmt":"2020-06-29T11:02:34","slug":"apply-with-an-open-application","status":"publish","type":"page","link":"https:\/\/tokichr.borealis.biz\/en\/careers\/apply-with-an-open-application\/","title":{"rendered":"Apply with an open application"},"content":{"rendered":"\n<p>If the position you are interested in is not currently open, please feel free to send us your CV, which we will retain in our database for a year. As soon as a position that fits your profile is open, we will contact you!<\/p>\n\n\n\n<hr class=\"wp-block-separator is-style-wide m-80-0\"\/>\n\n\n<div class=\"image-caption-slider border-0 shortcode m-0 pt-0\">\n\t\t\t\t<div class=\"row\">\n\t\t\t\t\t<div class=\"col-12\">\n\t\t\t\t\t\t<div class=\"slider-caption swiper-container swiper-container-horizontal citation-delay\" style=\"background-color: #034791;\">\n\t\t\t\t\t\t\t<div class=\"swiper-wrapper\"><div class=\"slide-quote swiper-slide clearfix\">\n\t\t\t\t\t\t\t\t\t\t<div class=\"caption-image cover d-inline-block float-left\" style=\"background-image:url(https:\/\/tokichr.borealis.biz\/wp-content\/uploads\/2020\/05\/PetarTokic\u2560\u00fc_karijere_02.jpg);\">\n\t\t\t\t\t\t\t\t\t\t\t<img decoding=\"async\" src=\"\/wp-content\/uploads\/2020\/04\/256x256.png\" \/>\n\t\t\t\t\t\t\t\t\t\t<\/div>\n\t\t\t\t\t\t\t\t\t\t<div class=\"d-inline-block float-left quote\">\n\t\t\t\t\t\t\t\t\t\t\t<p class=\"text\">\"Working in Toki\u0107 is filled with team spirit, therefore we help each other whenever needed. I like to deal with customer requirements that are considered difficult because I like to solve it and help the customer find the best possible solution.\"<\/p>\n\t\t\t\t\t\t\t\t\t\t\t<p class=\"user\">- Petar Toki\u0107<\/p>\n\t\t\t\t\t\t\t\t\t\t<\/div><\/div><div class=\"slide-quote swiper-slide clearfix\">\n\t\t\t\t\t\t\t\t\t\t<div class=\"caption-image cover d-inline-block float-left\" style=\"background-image:url(https:\/\/tokichr.borealis.biz\/wp-content\/uploads\/2020\/05\/TomislavVonic\u2560\u00fc_karijre_02.jpg);\">\n\t\t\t\t\t\t\t\t\t\t\t<img decoding=\"async\" src=\"\/wp-content\/uploads\/2020\/04\/256x256.png\" \/>\n\t\t\t\t\t\t\t\t\t\t<\/div>\n\t\t\t\t\t\t\t\t\t\t<div class=\"d-inline-block float-left quote\">\n\t\t\t\t\t\t\t\t\t\t\t<p class=\"text\">\"Every challenge is easy to solve, when you are surrounded by quality team. This is due  to investing in employees and continuous following of new trends and technologies. I especially  appreciate the fact that effort and commitment are recognized in Toki\u0107, which is accompanied by  opportunities for promotion.\"<\/p>\n\t\t\t\t\t\t\t\t\t\t\t<p class=\"user\">- Tomislav Voni\u0107 <\/p>\n\t\t\t\t\t\t\t\t\t\t<\/div><\/div><div class=\"slide-quote swiper-slide clearfix\">\n\t\t\t\t\t\t\t\t\t\t<div class=\"caption-image cover d-inline-block float-left\" style=\"background-image:url(https:\/\/tokichr.borealis.biz\/wp-content\/uploads\/2020\/05\/RobertS\u2560\u00eeamec_karijere.jpeg);\">\n\t\t\t\t\t\t\t\t\t\t\t<img decoding=\"async\" src=\"\/wp-content\/uploads\/2020\/04\/256x256.png\" \/>\n\t\t\t\t\t\t\t\t\t\t<\/div>\n\t\t\t\t\t\t\t\t\t\t<div class=\"d-inline-block float-left quote\">\n\t\t\t\t\t\t\t\t\t\t\t<p class=\"text\">\"I appreciate the flexibility in Toki\u0107, because it allows me to maintain a balance  between business and private life. Due to the dynamism of the work, two working days are never the  same. Each is different in its way and full of challenges, which makes it interesting and exciting.  \u017deljko Juri\u0107 - I started my career in Toki\u0107 as a salesman, and when I gained enough knowledge and  experience, I became a branch manager. Many years of sales experience have allowed me to grow  from a salesman to a wholesale manager. The true value of the Toki\u0107 company is that you can learn a  lot, gain different experiences and skills. I am glad that the employees are diligent and ready for any challenge with inexhaustible cordiality.\"<\/p>\n\t\t\t\t\t\t\t\t\t\t\t<p class=\"user\">- Robert \u0160amec<\/p>\n\t\t\t\t\t\t\t\t\t\t<\/div><\/div><div class=\"slide-quote swiper-slide clearfix\">\n\t\t\t\t\t\t\t\t\t\t<div class=\"caption-image cover d-inline-block float-left\" style=\"background-image:url(https:\/\/tokichr.borealis.biz\/wp-content\/uploads\/2020\/05\/JuricaSugnetic\u2560\u00fc_karijere.jpg);\">\n\t\t\t\t\t\t\t\t\t\t\t<img decoding=\"async\" src=\"\/wp-content\/uploads\/2020\/04\/256x256.png\" \/>\n\t\t\t\t\t\t\t\t\t\t<\/div>\n\t\t\t\t\t\t\t\t\t\t<div class=\"d-inline-block float-left quote\">\n\t\t\t\t\t\t\t\t\t\t\t<p class=\"text\">\"Every day is different, so I can be creative in performing my tasks. People are  accommodating and together we successfully solve tasks, and superiors are always ready to help with  their knowledge around every challenge.\"<\/p>\n\t\t\t\t\t\t\t\t\t\t\t<p class=\"user\">- Jurica Sugneti\u0107<\/p>\n\t\t\t\t\t\t\t\t\t\t<\/div><\/div><div class=\"slide-quote swiper-slide clearfix\">\n\t\t\t\t\t\t\t\t\t\t<div class=\"caption-image cover d-inline-block float-left\" style=\"background-image:url(https:\/\/tokichr.borealis.biz\/wp-content\/uploads\/2020\/05\/NikolinaMolnar_karijere.jpeg);\">\n\t\t\t\t\t\t\t\t\t\t\t<img decoding=\"async\" src=\"\/wp-content\/uploads\/2020\/04\/256x256.png\" \/>\n\t\t\t\t\t\t\t\t\t\t<\/div>\n\t\t\t\t\t\t\t\t\t\t<div class=\"d-inline-block float-left quote\">\n\t\t\t\t\t\t\t\t\t\t\t<p class=\"text\">\"Working hours are flexible and that\u2019s great for me! By continuously acquiring new  knowledge, it is very likely that you will progress quickly. I especially appreciate that the people I work  with are full of understanding and support. I can say that I learn a lot from them every day.\"<\/p>\n\t\t\t\t\t\t\t\t\t\t\t<p class=\"user\">- Nikolina Molnar<\/p>\n\t\t\t\t\t\t\t\t\t\t<\/div><\/div><div class=\"slide-quote swiper-slide clearfix\">\n\t\t\t\t\t\t\t\t\t\t<div class=\"caption-image cover d-inline-block float-left\" style=\"background-image:url(https:\/\/tokichr.borealis.biz\/wp-content\/uploads\/2020\/05\/NikolaJelic\u2560\u00fc_karijere_02.jpg);\">\n\t\t\t\t\t\t\t\t\t\t\t<img decoding=\"async\" src=\"\/wp-content\/uploads\/2020\/04\/256x256.png\" \/>\n\t\t\t\t\t\t\t\t\t\t<\/div>\n\t\t\t\t\t\t\t\t\t\t<div class=\"d-inline-block float-left quote\">\n\t\t\t\t\t\t\t\t\t\t\t<p class=\"text\">\"Before joining the team, I followed the Toki\u0107 company for a long time because of the  excellent continuous growth and constant innovations that are very advanced for such a competitive  and traditional industry. The realized acquisitions have especially interested and attracted me to be a  part of business development and to contribute to further growth and development with my previous  experience in project management, strategic planning and defining corporate synergies.\"<\/p>\n\t\t\t\t\t\t\t\t\t\t\t<p class=\"user\">- Nikola Jeli\u0107<\/p>\n\t\t\t\t\t\t\t\t\t\t<\/div><\/div><div class=\"slide-quote swiper-slide clearfix\">\n\t\t\t\t\t\t\t\t\t\t<div class=\"caption-image cover d-inline-block float-left\" style=\"background-image:url(https:\/\/tokichr.borealis.biz\/wp-content\/uploads\/2020\/05\/MarinaCokol_karijere_02.jpg);\">\n\t\t\t\t\t\t\t\t\t\t\t<img decoding=\"async\" src=\"\/wp-content\/uploads\/2020\/04\/256x256.png\" \/>\n\t\t\t\t\t\t\t\t\t\t<\/div>\n\t\t\t\t\t\t\t\t\t\t<div class=\"d-inline-block float-left quote\">\n\t\t\t\t\t\t\t\t\t\t\t<p class=\"text\">\"From a young age, I know about Toki\u0107 as a leader in the sale of auto parts, and working  in such a large and complex organization is a step forward in my professional career. That is the reason  when I saw the job ad for the position in marketing, I applied right away! The stimulating and  professional environment in Toki\u0107 allows my personal further development, but also many  opportunities to contribute to the development of the company with my experience and knowledge.\"<\/p>\n\t\t\t\t\t\t\t\t\t\t\t<p class=\"user\">- Marina Cokol<\/p>\n\t\t\t\t\t\t\t\t\t\t<\/div><\/div><div class=\"slide-quote swiper-slide clearfix\">\n\t\t\t\t\t\t\t\t\t\t<div class=\"caption-image cover d-inline-block float-left\" style=\"background-image:url(https:\/\/tokichr.borealis.biz\/wp-content\/uploads\/2020\/05\/StipoZlatic\u2560\u00fc_karijere.jpeg);\">\n\t\t\t\t\t\t\t\t\t\t\t<img decoding=\"async\" src=\"\/wp-content\/uploads\/2020\/04\/256x256.png\" \/>\n\t\t\t\t\t\t\t\t\t\t<\/div>\n\t\t\t\t\t\t\t\t\t\t<div class=\"d-inline-block float-left quote\">\n\t\t\t\t\t\t\t\t\t\t\t<p class=\"text\">\"We achieve a great working environment through honesty and completeness of the  information. I have to admit that I personally feel very good working here, which makes me happy. I  especially appreciate that the company creates a positive environment through various activities for  employees, which is shown in the business results at the end of the day.\"<\/p>\n\t\t\t\t\t\t\t\t\t\t\t<p class=\"user\">- Stipe Bagi\u0107<\/p>\n\t\t\t\t\t\t\t\t\t\t<\/div><\/div><div class=\"slide-quote swiper-slide clearfix\">\n\t\t\t\t\t\t\t\t\t\t<div class=\"caption-image cover d-inline-block float-left\" style=\"background-image:url(https:\/\/tokichr.borealis.biz\/wp-content\/uploads\/2020\/05\/JosipDodig_karijere_02.jpg);\">\n\t\t\t\t\t\t\t\t\t\t\t<img decoding=\"async\" src=\"\/wp-content\/uploads\/2020\/04\/256x256.png\" \/>\n\t\t\t\t\t\t\t\t\t\t<\/div>\n\t\t\t\t\t\t\t\t\t\t<div class=\"d-inline-block float-left quote\">\n\t\t\t\t\t\t\t\t\t\t\t<p class=\"text\">\"Working in a stimulating business environment, the possibility of education and  development, and the benefits in accordance with corporate rules, have enabled me to acquire  professional knowledge that helps me improve my full potential. In Toki\u0107, we are developing our  future together and all team members contribute to achieving the goals. Dynamics, focus on  efficiency, open communication and a great passion for what we do make me a happy and proud team member.\"<\/p>\n\t\t\t\t\t\t\t\t\t\t\t<p class=\"user\">Josip Dodig<\/p>\n\t\t\t\t\t\t\t\t\t\t<\/div><\/div><\/div>\n\t\t\t\t\t\t\t<div class=\"swiper-pagination\"><\/div>\n\t\t\t\t\t\t<\/div>\n\t\t\t\t\t<\/div>\n\t\t\t\t<\/div>\n\t\t\t<\/div>\n\n\n\n<hr class=\"wp-block-separator is-style-wide m-80-0\"\/>\n\n\n\n<div class=\"wp-block-buttons is-layout-flex wp-block-buttons-is-layout-flex\">\n<div class=\"wp-block-button\"><a class=\"wp-block-button__link\" href=\" \/en\/start-your-career-in-tokic\/?form=Apply with an open application\" rel=\"\">Send an open application!<\/a><\/div>\n<\/div>\n\n\n\n<p><\/p>\n","protected":false},"excerpt":{"rendered":"If the position you are interested in is not currently open, please feel free to [&hellip;]","protected":false},"author":11,"featured_media":0,"parent":3286,"menu_order":0,"comment_status":"closed","ping_status":"closed","template":"","meta":{"_acf_changed":false,"inline_featured_image":false,"footnotes":""},"class_list":["post-5552","page","type-page","status-publish","hentry"],"acf":[],"yoast_head":"<!-- This site is optimized with the Yoast SEO plugin v26.6 - https:\/\/yoast.com\/wordpress\/plugins\/seo\/ -->\n<title>Apply with an open application - Toki\u0107<\/title>\n<meta name=\"description\" content=\"Ako trenutno nije otvorena pozicija za koju ste zainteresirani, slobodno nam po\u0161aljite svoj \u017eivotopis putem poveznice za prijavu.\" \/>\n<meta name=\"robots\" content=\"noindex, follow, max-snippet:-1, max-image-preview:large, max-video-preview:-1\" \/>\n<meta property=\"og:locale\" content=\"en_US\" \/>\n<meta property=\"og:type\" content=\"article\" \/>\n<meta property=\"og:title\" content=\"Apply with an open application - Toki\u0107\" \/>\n<meta property=\"og:description\" content=\"Ako trenutno nije otvorena pozicija za koju ste zainteresirani, slobodno nam po\u0161aljite svoj \u017eivotopis putem poveznice za prijavu.\" \/>\n<meta property=\"og:url\" content=\"https:\/\/tokichr.borealis.biz\/en\/careers\/apply-with-an-open-application\/\" \/>\n<meta property=\"og:site_name\" content=\"tokic.hr\" \/>\n<meta property=\"article:modified_time\" content=\"2020-06-29T11:02:34+00:00\" \/>\n<meta name=\"twitter:card\" content=\"summary_large_image\" \/>\n<script type=\"application\/ld+json\" class=\"yoast-schema-graph\">{\"@context\":\"https:\/\/schema.org\",\"@graph\":[{\"@type\":\"WebPage\",\"@id\":\"https:\/\/tokichr.borealis.biz\/en\/careers\/apply-with-an-open-application\/\",\"url\":\"https:\/\/tokichr.borealis.biz\/en\/careers\/apply-with-an-open-application\/\",\"name\":\"Apply with an open application - Toki\u0107\",\"isPartOf\":{\"@id\":\"https:\/\/tokichr.borealis.biz\/#website\"},\"datePublished\":\"2020-05-05T22:18:06+00:00\",\"dateModified\":\"2020-06-29T11:02:34+00:00\",\"description\":\"Ako trenutno nije otvorena pozicija za koju ste zainteresirani, slobodno nam po\u0161aljite svoj \u017eivotopis putem poveznice za prijavu.\",\"breadcrumb\":{\"@id\":\"https:\/\/tokichr.borealis.biz\/en\/careers\/apply-with-an-open-application\/#breadcrumb\"},\"inLanguage\":\"en-US\",\"potentialAction\":[{\"@type\":\"ReadAction\",\"target\":[\"https:\/\/tokichr.borealis.biz\/en\/careers\/apply-with-an-open-application\/\"]}]},{\"@type\":\"BreadcrumbList\",\"@id\":\"https:\/\/tokichr.borealis.biz\/en\/careers\/apply-with-an-open-application\/#breadcrumb\",\"itemListElement\":[{\"@type\":\"ListItem\",\"position\":1,\"name\":\"Po\u010detna stranica\",\"item\":\"https:\/\/tokichr.borealis.biz\/\"},{\"@type\":\"ListItem\",\"position\":2,\"name\":\"Careers\",\"item\":\"https:\/\/tokichr.borealis.biz\/en\/careers\/\"},{\"@type\":\"ListItem\",\"position\":3,\"name\":\"Apply with an open application\"}]},{\"@type\":\"WebSite\",\"@id\":\"https:\/\/tokichr.borealis.biz\/#website\",\"url\":\"https:\/\/tokichr.borealis.biz\/\",\"name\":\"tokic.hr\",\"description\":\"Vode\u0107i trgovac autodijelova i popratne opreme u regiji\",\"potentialAction\":[{\"@type\":\"SearchAction\",\"target\":{\"@type\":\"EntryPoint\",\"urlTemplate\":\"https:\/\/tokichr.borealis.biz\/?s={search_term_string}\"},\"query-input\":{\"@type\":\"PropertyValueSpecification\",\"valueRequired\":true,\"valueName\":\"search_term_string\"}}],\"inLanguage\":\"en-US\"}]}<\/script>\n<!-- \/ Yoast SEO plugin. -->","yoast_head_json":{"title":"Apply with an open application - Toki\u0107","description":"Ako trenutno nije otvorena pozicija za koju ste zainteresirani, slobodno nam po\u0161aljite svoj \u017eivotopis putem poveznice za prijavu.","robots":{"index":"noindex","follow":"follow","max-snippet":"max-snippet:-1","max-image-preview":"max-image-preview:large","max-video-preview":"max-video-preview:-1"},"og_locale":"en_US","og_type":"article","og_title":"Apply with an open application - Toki\u0107","og_description":"Ako trenutno nije otvorena pozicija za koju ste zainteresirani, slobodno nam po\u0161aljite svoj \u017eivotopis putem poveznice za prijavu.","og_url":"https:\/\/tokichr.borealis.biz\/en\/careers\/apply-with-an-open-application\/","og_site_name":"tokic.hr","article_modified_time":"2020-06-29T11:02:34+00:00","twitter_card":"summary_large_image","schema":{"@context":"https:\/\/schema.org","@graph":[{"@type":"WebPage","@id":"https:\/\/tokichr.borealis.biz\/en\/careers\/apply-with-an-open-application\/","url":"https:\/\/tokichr.borealis.biz\/en\/careers\/apply-with-an-open-application\/","name":"Apply with an open application - Toki\u0107","isPartOf":{"@id":"https:\/\/tokichr.borealis.biz\/#website"},"datePublished":"2020-05-05T22:18:06+00:00","dateModified":"2020-06-29T11:02:34+00:00","description":"Ako trenutno nije otvorena pozicija za koju ste zainteresirani, slobodno nam po\u0161aljite svoj \u017eivotopis putem poveznice za prijavu.","breadcrumb":{"@id":"https:\/\/tokichr.borealis.biz\/en\/careers\/apply-with-an-open-application\/#breadcrumb"},"inLanguage":"en-US","potentialAction":[{"@type":"ReadAction","target":["https:\/\/tokichr.borealis.biz\/en\/careers\/apply-with-an-open-application\/"]}]},{"@type":"BreadcrumbList","@id":"https:\/\/tokichr.borealis.biz\/en\/careers\/apply-with-an-open-application\/#breadcrumb","itemListElement":[{"@type":"ListItem","position":1,"name":"Po\u010detna stranica","item":"https:\/\/tokichr.borealis.biz\/"},{"@type":"ListItem","position":2,"name":"Careers","item":"https:\/\/tokichr.borealis.biz\/en\/careers\/"},{"@type":"ListItem","position":3,"name":"Apply with an open application"}]},{"@type":"WebSite","@id":"https:\/\/tokichr.borealis.biz\/#website","url":"https:\/\/tokichr.borealis.biz\/","name":"tokic.hr","description":"Vode\u0107i trgovac autodijelova i popratne opreme u regiji","potentialAction":[{"@type":"SearchAction","target":{"@type":"EntryPoint","urlTemplate":"https:\/\/tokichr.borealis.biz\/?s={search_term_string}"},"query-input":{"@type":"PropertyValueSpecification","valueRequired":true,"valueName":"search_term_string"}}],"inLanguage":"en-US"}]}},"_links":{"self":[{"href":"https:\/\/tokichr.borealis.biz\/en\/wp-json\/wp\/v2\/pages\/5552","targetHints":{"allow":["GET"]}}],"collection":[{"href":"https:\/\/tokichr.borealis.biz\/en\/wp-json\/wp\/v2\/pages"}],"about":[{"href":"https:\/\/tokichr.borealis.biz\/en\/wp-json\/wp\/v2\/types\/page"}],"author":[{"embeddable":true,"href":"https:\/\/tokichr.borealis.biz\/en\/wp-json\/wp\/v2\/users\/11"}],"replies":[{"embeddable":true,"href":"https:\/\/tokichr.borealis.biz\/en\/wp-json\/wp\/v2\/comments?post=5552"}],"version-history":[{"count":4,"href":"https:\/\/tokichr.borealis.biz\/en\/wp-json\/wp\/v2\/pages\/5552\/revisions"}],"predecessor-version":[{"id":11030,"href":"https:\/\/tokichr.borealis.biz\/en\/wp-json\/wp\/v2\/pages\/5552\/revisions\/11030"}],"up":[{"embeddable":true,"href":"https:\/\/tokichr.borealis.biz\/en\/wp-json\/wp\/v2\/pages\/3286"}],"wp:attachment":[{"href":"https:\/\/tokichr.borealis.biz\/en\/wp-json\/wp\/v2\/media?parent=5552"}],"curies":[{"name":"wp","href":"https:\/\/api.w.org\/{rel}","templated":true}]}}