{"id":5562,"date":"2020-05-05T22:29:47","date_gmt":"2020-05-05T22:29:47","guid":{"rendered":"https:\/\/tokic.stringbind.info\/careers\/t-start\/"},"modified":"2020-07-01T22:37:44","modified_gmt":"2020-07-01T22:37:44","slug":"t-start","status":"publish","type":"page","link":"https:\/\/tokichr.borealis.biz\/en\/t-start\/","title":{"rendered":"T START internship program"},"content":{"rendered":"\n<h2 class=\"wp-block-heading\">T START is our internship program designed for young ambitious people.<\/h2>\n\n\n\n<p>During a period of 6 months, interns have the opportunity to gain the full experience of working at Toki\u0107. They get to learn about our business processes, from the supply chain to sales. They work on projects from different departments, so they can implement their own ideas and contribute to Toki\u0107&#8217;s culture of continuous growth.<\/p>\n\n\n\n<figure class=\"wp-block-embed-youtube wp-block-embed is-type-video is-provider-youtube wp-embed-aspect-16-9 wp-has-aspect-ratio\"><div class=\"wp-block-embed__wrapper\">\n<iframe loading=\"lazy\" title=\"T Start pripravni\u010dki program\" width=\"640\" height=\"360\" src=\"https:\/\/www.youtube.com\/embed\/iWyq7UNNylg?feature=oembed\" frameborder=\"0\" allow=\"accelerometer; autoplay; clipboard-write; encrypted-media; gyroscope; picture-in-picture; web-share\" referrerpolicy=\"strict-origin-when-cross-origin\" allowfullscreen><\/iframe>\n<\/div><\/figure>\n\n\n\n<hr class=\"wp-block-separator is-style-wide m-80-0\"\/>\n\n\n\n<div class=\"wp-block-buttons is-layout-flex wp-block-buttons-is-layout-flex\">\n<div class=\"wp-block-button\"><a class=\"wp-block-button__link\" href=\"\/en\/start-your-career-in-tokic\/?form=T START internship program\">Apply!<\/a><\/div>\n<\/div>\n","protected":false},"excerpt":{"rendered":"T START is our internship program designed for young ambitious people. During a period of [&hellip;]","protected":false},"author":11,"featured_media":0,"parent":0,"menu_order":0,"comment_status":"closed","ping_status":"closed","template":"","meta":{"_acf_changed":false,"inline_featured_image":false,"footnotes":""},"class_list":["post-5562","page","type-page","status-publish","hentry"],"acf":[],"yoast_head":"<!-- This site is optimized with the Yoast SEO plugin v26.6 - https:\/\/yoast.com\/wordpress\/plugins\/seo\/ -->\n<title>T START internship program - Toki\u0107<\/title>\n<meta name=\"description\" content=\"T START je pripravni\u010dki program u kojem pripravnici tijekom \u0161est mjeseci imaju priliku ste\u0107i potpuno poslovno iskustvo rada u Toki\u0107u. Prijavite se!\" \/>\n<meta name=\"robots\" content=\"noindex, follow, max-snippet:-1, max-image-preview:large, max-video-preview:-1\" \/>\n<meta property=\"og:locale\" content=\"en_US\" \/>\n<meta property=\"og:type\" content=\"article\" \/>\n<meta property=\"og:title\" content=\"T START internship program - Toki\u0107\" \/>\n<meta property=\"og:description\" content=\"T START je pripravni\u010dki program u kojem pripravnici tijekom \u0161est mjeseci imaju priliku ste\u0107i potpuno poslovno iskustvo rada u Toki\u0107u. Prijavite se!\" \/>\n<meta property=\"og:url\" content=\"https:\/\/tokichr.borealis.biz\/en\/careers\/t-start\/\" \/>\n<meta property=\"og:site_name\" content=\"tokic.hr\" \/>\n<meta property=\"article:modified_time\" content=\"2020-07-01T22:37:44+00:00\" \/>\n<meta name=\"twitter:card\" content=\"summary_large_image\" \/>\n<script type=\"application\/ld+json\" class=\"yoast-schema-graph\">{\"@context\":\"https:\/\/schema.org\",\"@graph\":[{\"@type\":\"WebPage\",\"@id\":\"https:\/\/tokichr.borealis.biz\/en\/careers\/t-start\/\",\"url\":\"https:\/\/tokichr.borealis.biz\/en\/careers\/t-start\/\",\"name\":\"T START internship program - Toki\u0107\",\"isPartOf\":{\"@id\":\"https:\/\/tokichr.borealis.biz\/#website\"},\"datePublished\":\"2020-05-05T22:29:47+00:00\",\"dateModified\":\"2020-07-01T22:37:44+00:00\",\"description\":\"T START je pripravni\u010dki program u kojem pripravnici tijekom \u0161est mjeseci imaju priliku ste\u0107i potpuno poslovno iskustvo rada u Toki\u0107u. Prijavite se!\",\"breadcrumb\":{\"@id\":\"https:\/\/tokichr.borealis.biz\/en\/careers\/t-start\/#breadcrumb\"},\"inLanguage\":\"en-US\",\"potentialAction\":[{\"@type\":\"ReadAction\",\"target\":[\"https:\/\/tokichr.borealis.biz\/en\/careers\/t-start\/\"]}]},{\"@type\":\"BreadcrumbList\",\"@id\":\"https:\/\/tokichr.borealis.biz\/en\/careers\/t-start\/#breadcrumb\",\"itemListElement\":[{\"@type\":\"ListItem\",\"position\":1,\"name\":\"Po\u010detna stranica\",\"item\":\"https:\/\/tokichr.borealis.biz\/\"},{\"@type\":\"ListItem\",\"position\":2,\"name\":\"Careers\",\"item\":\"https:\/\/tokichr.borealis.biz\/en\/careers\/\"},{\"@type\":\"ListItem\",\"position\":3,\"name\":\"T START internship program\"}]},{\"@type\":\"WebSite\",\"@id\":\"https:\/\/tokichr.borealis.biz\/#website\",\"url\":\"https:\/\/tokichr.borealis.biz\/\",\"name\":\"tokic.hr\",\"description\":\"Vode\u0107i trgovac autodijelova i popratne opreme u regiji\",\"potentialAction\":[{\"@type\":\"SearchAction\",\"target\":{\"@type\":\"EntryPoint\",\"urlTemplate\":\"https:\/\/tokichr.borealis.biz\/?s={search_term_string}\"},\"query-input\":{\"@type\":\"PropertyValueSpecification\",\"valueRequired\":true,\"valueName\":\"search_term_string\"}}],\"inLanguage\":\"en-US\"}]}<\/script>\n<!-- \/ Yoast SEO plugin. -->","yoast_head_json":{"title":"T START internship program - Toki\u0107","description":"T START je pripravni\u010dki program u kojem pripravnici tijekom \u0161est mjeseci imaju priliku ste\u0107i potpuno poslovno iskustvo rada u Toki\u0107u. Prijavite se!","robots":{"index":"noindex","follow":"follow","max-snippet":"max-snippet:-1","max-image-preview":"max-image-preview:large","max-video-preview":"max-video-preview:-1"},"og_locale":"en_US","og_type":"article","og_title":"T START internship program - Toki\u0107","og_description":"T START je pripravni\u010dki program u kojem pripravnici tijekom \u0161est mjeseci imaju priliku ste\u0107i potpuno poslovno iskustvo rada u Toki\u0107u. Prijavite se!","og_url":"https:\/\/tokichr.borealis.biz\/en\/careers\/t-start\/","og_site_name":"tokic.hr","article_modified_time":"2020-07-01T22:37:44+00:00","twitter_card":"summary_large_image","schema":{"@context":"https:\/\/schema.org","@graph":[{"@type":"WebPage","@id":"https:\/\/tokichr.borealis.biz\/en\/careers\/t-start\/","url":"https:\/\/tokichr.borealis.biz\/en\/careers\/t-start\/","name":"T START internship program - Toki\u0107","isPartOf":{"@id":"https:\/\/tokichr.borealis.biz\/#website"},"datePublished":"2020-05-05T22:29:47+00:00","dateModified":"2020-07-01T22:37:44+00:00","description":"T START je pripravni\u010dki program u kojem pripravnici tijekom \u0161est mjeseci imaju priliku ste\u0107i potpuno poslovno iskustvo rada u Toki\u0107u. Prijavite se!","breadcrumb":{"@id":"https:\/\/tokichr.borealis.biz\/en\/careers\/t-start\/#breadcrumb"},"inLanguage":"en-US","potentialAction":[{"@type":"ReadAction","target":["https:\/\/tokichr.borealis.biz\/en\/careers\/t-start\/"]}]},{"@type":"BreadcrumbList","@id":"https:\/\/tokichr.borealis.biz\/en\/careers\/t-start\/#breadcrumb","itemListElement":[{"@type":"ListItem","position":1,"name":"Po\u010detna stranica","item":"https:\/\/tokichr.borealis.biz\/"},{"@type":"ListItem","position":2,"name":"Careers","item":"https:\/\/tokichr.borealis.biz\/en\/careers\/"},{"@type":"ListItem","position":3,"name":"T START internship program"}]},{"@type":"WebSite","@id":"https:\/\/tokichr.borealis.biz\/#website","url":"https:\/\/tokichr.borealis.biz\/","name":"tokic.hr","description":"Vode\u0107i trgovac autodijelova i popratne opreme u regiji","potentialAction":[{"@type":"SearchAction","target":{"@type":"EntryPoint","urlTemplate":"https:\/\/tokichr.borealis.biz\/?s={search_term_string}"},"query-input":{"@type":"PropertyValueSpecification","valueRequired":true,"valueName":"search_term_string"}}],"inLanguage":"en-US"}]}},"_links":{"self":[{"href":"https:\/\/tokichr.borealis.biz\/en\/wp-json\/wp\/v2\/pages\/5562","targetHints":{"allow":["GET"]}}],"collection":[{"href":"https:\/\/tokichr.borealis.biz\/en\/wp-json\/wp\/v2\/pages"}],"about":[{"href":"https:\/\/tokichr.borealis.biz\/en\/wp-json\/wp\/v2\/types\/page"}],"author":[{"embeddable":true,"href":"https:\/\/tokichr.borealis.biz\/en\/wp-json\/wp\/v2\/users\/11"}],"replies":[{"embeddable":true,"href":"https:\/\/tokichr.borealis.biz\/en\/wp-json\/wp\/v2\/comments?post=5562"}],"version-history":[{"count":5,"href":"https:\/\/tokichr.borealis.biz\/en\/wp-json\/wp\/v2\/pages\/5562\/revisions"}],"predecessor-version":[{"id":11171,"href":"https:\/\/tokichr.borealis.biz\/en\/wp-json\/wp\/v2\/pages\/5562\/revisions\/11171"}],"wp:attachment":[{"href":"https:\/\/tokichr.borealis.biz\/en\/wp-json\/wp\/v2\/media?parent=5562"}],"curies":[{"name":"wp","href":"https:\/\/api.w.org\/{rel}","templated":true}]}}